{"id":998436,"date":"2025-01-13T17:20:48","date_gmt":"2025-01-13T16:20:48","guid":{"rendered":"https:\/\/www.claret.cat\/llibre\/identidades-liquidas-y-conversion-cristiana-9788429332353\/"},"modified":"2025-01-24T11:00:50","modified_gmt":"2025-01-24T10:00:50","slug":"identidades-liquidas-y-conversion-cristiana-9788429332353","status":"publish","type":"product","link":"https:\/\/www.claret.cat\/es\/libro\/identidades-liquidas-y-conversion-cristiana-9788429332353\/","title":{"rendered":"IDENTIDADES L\u00cdQUIDAS Y CONVERSI\u00d3N CRISTIANA"},"content":{"rendered":"<p><span>\u00bfC\u00f3mo despertar el inter\u00e9s por el Evangelio en una generaci\u00f3n moldeada por la tecnolog\u00eda, la globalizaci\u00f3n y nuevas b\u00fasquedas identitarias? Este libro explora las claves para entender a los millennials en su relaci\u00f3n con la fe cristiana. A trav\u00e9s de datos sociol\u00f3gicos, reflexiones teol\u00f3gicas y estrategias pastorales, Estrella Moreno plantea un enfoque centrado en la experiencia y la autenticidad, ofreciendo herramientas pr\u00e1cticas para conectar con una generaci\u00f3n que cuestiona y redefine constantemente sus creencias. Una gu\u00eda esencial para acompa\u00f1arles en su camino hacia lo trascendente.<\/span><\/p>\n","protected":false},"excerpt":{"rendered":"<p>MORENO LAIZ, ESTRELLA<\/p>\n","protected":false},"featured_media":998437,"template":"","meta":{"_acf_changed":false,"om_disable_all_campaigns":false,"rs_blank_template":"","rs_page_bg_color":"","slide_template_v7":"","inline_featured_image":false,"_monsterinsights_skip_tracking":false,"_monsterinsights_sitenote_active":false,"_monsterinsights_sitenote_note":"","_monsterinsights_sitenote_category":0},"product_brand":[],"product_cat":[92,542],"product_tag":[],"class_list":{"0":"post-998436","1":"product","2":"type-product","3":"status-publish","4":"has-post-thumbnail","6":"product_cat-vida-religiosa","7":"product_cat-vida-religiosa-1_espiritualidad-spa","9":"first","10":"instock","11":"taxable","12":"shipping-taxable","13":"purchasable","14":"product-type-simple"},"acf":{"autor":"MORENO LAIZ, ESTRELLA","codart":"842933235","libros-coleccion":"SAL TERRAE- PRESENCIA TEOL\u00d3GICA","ediciones":"1","encuadernacion":"R\u00fastica","fecha_de_publicacion":"09\/01\/2025","novedad":"1","paginas":"264","subtitulo":"LA PROPUESTA DEL EVANGELIO A LA GENERACI\u00d3N MILENIAL","orden":"0","portada":"1","idioma":"spa","editorial":[{"ID":6351,"post_author":"3","post_date":"2022-07-28 17:50:19","post_date_gmt":"2022-07-28 15:50:19","post_content":"","post_title":"Sal Terrae","post_excerpt":"","post_status":"publish","comment_status":"closed","ping_status":"closed","post_password":"","post_name":"sal-terrae","to_ping":"","pinged":"","post_modified":"2022-07-28 17:50:19","post_modified_gmt":"2022-07-28 15:50:19","post_content_filtered":"","post_parent":0,"guid":"http:\/\/dev.claret.cat\/editorial\/sal-terrae\/","menu_order":0,"post_type":"editorial","post_mime_type":"","comment_count":"0","filter":"raw"}]},"aioseo_notices":[],"_links":{"self":[{"href":"https:\/\/www.claret.cat\/es\/wp-json\/wp\/v2\/product\/998436","targetHints":{"allow":["GET"]}}],"collection":[{"href":"https:\/\/www.claret.cat\/es\/wp-json\/wp\/v2\/product"}],"about":[{"href":"https:\/\/www.claret.cat\/es\/wp-json\/wp\/v2\/types\/product"}],"wp:featuredmedia":[{"embeddable":true,"href":"https:\/\/www.claret.cat\/es\/wp-json\/wp\/v2\/media\/998437"}],"wp:attachment":[{"href":"https:\/\/www.claret.cat\/es\/wp-json\/wp\/v2\/media?parent=998436"}],"wp:term":[{"taxonomy":"product_brand","embeddable":true,"href":"https:\/\/www.claret.cat\/es\/wp-json\/wp\/v2\/product_brand?post=998436"},{"taxonomy":"product_cat","embeddable":true,"href":"https:\/\/www.claret.cat\/es\/wp-json\/wp\/v2\/product_cat?post=998436"},{"taxonomy":"product_tag","embeddable":true,"href":"https:\/\/www.claret.cat\/es\/wp-json\/wp\/v2\/product_tag?post=998436"}],"curies":[{"name":"wp","href":"https:\/\/api.w.org\/{rel}","templated":true}]}}