{"id":99858,"date":"2022-10-12T07:45:14","date_gmt":"2022-10-12T05:45:14","guid":{"rendered":"http:\/\/dev.claret.cat\/producte\/pren-la-paraula\/"},"modified":"2023-01-28T05:39:47","modified_gmt":"2023-01-28T04:39:47","slug":"pren-la-paraula-9788494092794","status":"publish","type":"product","link":"https:\/\/www.claret.cat\/es\/libro\/pren-la-paraula-9788494092794\/","title":{"rendered":"PREN LA PARAULA"},"content":{"rendered":"<p>Josep Lacreu \u00e9s un dels ling\u00fcistes que m\u00e9s contribu\u00efxen a acostar norma i parla. La seua obra, a m\u00e9s de ser molt instructiva i did\u00e0ctica, \u00e9s representativa de la posada en valor del valenci\u00e0 de sempre i alhora de l\u2019aperturisme necessari per a assolir un model de llengua modern, comunicatiu i rigor\u00f3s normativament. En eixes l\u00ednies motivadores s\u2019inscriu el seu llibre, de recent publicaci\u00f3, Pren la paraula (ed. \u00c0rbena, 2017), recopilaci\u00f3 d\u2019articles publicats, entre els mesos de juny de 2016 i mar\u00e7 de 2017, en el blog del mateix nom i autor contingut en el web d\u2019este mateix diari, Levante-EMV.<\/p>\n<p>El llibre, de 203 p\u00e0gines, consta de 42 articles, dividits en quatre apartats tem\u00e0tics: \u201cQ\u00fcestions de llengua\u201d, \u201cFon\u00e8tica, fonologia i ortografia\u201d, \u201cMorfologia i sintaxi\u201d i \u201cL\u00e8xic i sem\u00e0ntica\u201d, on exposa amb arguments ben fonamentats diferents q\u00fcestions i aclariments ling\u00fc\u00edstics de gran utilitat per als usuaris d\u2019esta llengua.<\/p>\n<p>Un dels eixos motivadors de Lacreu en Pren la paraula (i en la seua obra) \u00e9s desfer la idea i el preju\u00ed que els valencians parlem malament la nostra pr\u00f2pia llengua. Diu en la introducci\u00f3 del llibre que \u201cEns hem educat en la creen\u00e7a que la nostra llengua, i especialment el nostre valenci\u00e0 \u2013marginat dins de la marginaci\u00f3 global\u2013 estava infestat de castellanismes. I no \u00e9s aix\u00ed\u201d. \u201cLa castellanitzaci\u00f3 afecta la capa m\u00e9s superficial de la llengua. I les obsessions descastellanitzadores, practicades sovint sense tacte ni trellat, produ\u00efxen un efecte contraproduent en els sentiments d\u2019afecte i autoestima dels parlants per la pr\u00f2pia llengua.\u201d<\/p>\n","protected":false},"excerpt":{"rendered":"<p>LACREU CUESTA, JOSEP<\/p>\n","protected":false},"featured_media":99859,"template":"","meta":{"_acf_changed":false,"om_disable_all_campaigns":false,"rs_blank_template":"","rs_page_bg_color":"","slide_template_v7":"","inline_featured_image":false,"_monsterinsights_skip_tracking":false,"_monsterinsights_sitenote_active":false,"_monsterinsights_sitenote_note":"","_monsterinsights_sitenote_category":0},"product_brand":[],"product_cat":[90],"product_tag":[],"class_list":{"0":"post-99858","1":"product","2":"type-product","3":"status-publish","4":"has-post-thumbnail","6":"product_cat-altres","8":"first","9":"instock","10":"taxable","11":"shipping-taxable","12":"purchasable","13":"product-type-simple"},"acf":{"editorial":[{"ID":6243,"post_author":"3","post_date":"2022-07-28 17:48:02","post_date_gmt":"2022-07-28 15:48:02","post_content":"","post_title":"Enlogistica 3.0  s.l.","post_excerpt":"","post_status":"publish","comment_status":"closed","ping_status":"closed","post_password":"","post_name":"enlogistica-3-0-s-l","to_ping":"","pinged":"","post_modified":"2022-07-28 17:48:02","post_modified_gmt":"2022-07-28 15:48:02","post_content_filtered":"","post_parent":0,"guid":"http:\/\/dev.claret.cat\/editorial\/enlogistica-3-0-s-l\/","menu_order":0,"post_type":"editorial","post_mime_type":"","comment_count":"0","filter":"raw"}],"autor":"LACREU CUESTA, JOSEP","codart":"849409279","libros-coleccion":"FORA DE COL.LECCI\u00d3","ediciones":"1","encuadernacion":"R\u00fastica","fecha_de_publicacion":"01\/04\/2017","novedad":"1","paginas":"203","subtitulo":"","orden":"0","portada":"0","idioma":"cat","autores-libros":[{"ID":160691,"post_author":"3","post_date":"2022-10-14 15:55:07","post_date_gmt":"2022-10-14 13:55:07","post_content":"","post_title":"JOSEP LACREU CUESTA","post_excerpt":"","post_status":"publish","comment_status":"closed","ping_status":"closed","post_password":"","post_name":"josep-lacreu-cuesta","to_ping":"","pinged":"","post_modified":"2022-10-14 15:55:07","post_modified_gmt":"2022-10-14 13:55:07","post_content_filtered":"","post_parent":0,"guid":"http:\/\/dev.claret.cat\/autor\/josep-lacreu-cuesta\/","menu_order":0,"post_type":"autor","post_mime_type":"","comment_count":"0","filter":"raw"}]},"aioseo_notices":[],"_links":{"self":[{"href":"https:\/\/www.claret.cat\/es\/wp-json\/wp\/v2\/product\/99858","targetHints":{"allow":["GET"]}}],"collection":[{"href":"https:\/\/www.claret.cat\/es\/wp-json\/wp\/v2\/product"}],"about":[{"href":"https:\/\/www.claret.cat\/es\/wp-json\/wp\/v2\/types\/product"}],"wp:featuredmedia":[{"embeddable":true,"href":"https:\/\/www.claret.cat\/es\/wp-json\/wp\/v2\/media\/99859"}],"wp:attachment":[{"href":"https:\/\/www.claret.cat\/es\/wp-json\/wp\/v2\/media?parent=99858"}],"wp:term":[{"taxonomy":"product_brand","embeddable":true,"href":"https:\/\/www.claret.cat\/es\/wp-json\/wp\/v2\/product_brand?post=99858"},{"taxonomy":"product_cat","embeddable":true,"href":"https:\/\/www.claret.cat\/es\/wp-json\/wp\/v2\/product_cat?post=99858"},{"taxonomy":"product_tag","embeddable":true,"href":"https:\/\/www.claret.cat\/es\/wp-json\/wp\/v2\/product_tag?post=99858"}],"curies":[{"name":"wp","href":"https:\/\/api.w.org\/{rel}","templated":true}]}}