{"id":99885,"date":"2022-10-12T07:45:36","date_gmt":"2022-10-12T05:45:36","guid":{"rendered":"http:\/\/dev.claret.cat\/producte\/revista-hacer-familia-323-diciembre-2020\/"},"modified":"2023-01-28T22:07:22","modified_gmt":"2023-01-28T21:07:22","slug":"revista-hacer-familia-323-diciembre-2020","status":"publish","type":"product","link":"https:\/\/www.claret.cat\/es\/libro\/revista-hacer-familia-323-diciembre-2020\/","title":{"rendered":"REVISTA HACER FAMILIA, 323 (DICIEMBRE 2020)"},"content":{"rendered":"<p>Es el momento de buscar el sentido aut\u00e9ntico de la Navidad para recordar que la importancia de sus valores han de ayudarnos a sobrellevar estas fiestas que poco tendr\u00e1n que ver con las vividas por muchos hasta ahora.<\/p>\n<p>Hablamos con la psic\u00f3loga Silvia \u00c1lava acerca de estas fechas, as\u00ed como de la necesidad de comunicarse en familia para que los m\u00e1s peque\u00f1os expresen todas sus emociones y aprendan a gestionarlas.<\/p>\n<p>Y, sobre todo, traemos cultura y experiencias para leer, ver pel\u00edculas y aprovechar todo el tiempo que podamos juntos, en familia. Todo esto, adem\u00e1s de muchos m\u00e1s temas, en la revista para buenos padres que quieren ser mejores padres.<\/p>\n","protected":false},"excerpt":{"rendered":"<p>PALABRA<\/p>\n","protected":false},"featured_media":272094,"template":"","meta":{"_acf_changed":false,"om_disable_all_campaigns":false,"rs_blank_template":"","rs_page_bg_color":"","slide_template_v7":"","inline_featured_image":false,"_monsterinsights_skip_tracking":false,"_monsterinsights_sitenote_active":false,"_monsterinsights_sitenote_note":"","_monsterinsights_sitenote_category":0},"product_brand":[],"product_cat":[90,540],"product_tag":[],"class_list":{"0":"post-99885","1":"product","2":"type-product","3":"status-publish","4":"has-post-thumbnail","6":"product_cat-altres","7":"product_cat-otros","9":"first","10":"instock","11":"taxable","12":"shipping-taxable","13":"purchasable","14":"product-type-simple"},"acf":{"editorial":[{"ID":6324,"post_author":"3","post_date":"2022-07-28 17:49:44","post_date_gmt":"2022-07-28 15:49:44","post_content":"","post_title":"PALABRA, EDICIONES S. A.","post_excerpt":"","post_status":"publish","comment_status":"closed","ping_status":"closed","post_password":"","post_name":"palabra-ediciones-s-a","to_ping":"","pinged":"","post_modified":"2022-07-28 17:49:44","post_modified_gmt":"2022-07-28 15:49:44","post_content_filtered":"","post_parent":0,"guid":"http:\/\/dev.claret.cat\/editorial\/palabra-ediciones-s-a\/","menu_order":0,"post_type":"editorial","post_mime_type":"","comment_count":"0","filter":"raw"}],"autor":"PALABRA","codart":"007251323","libros-coleccion":"","ediciones":"1","encuadernacion":"Grapado","fecha_de_publicacion":"09\/12\/2020","novedad":"1","paginas":"66","subtitulo":"","orden":"0","portada":"0","idioma":"spa","autores-libros":[{"ID":166502,"post_author":"3","post_date":"2022-10-14 18:03:46","post_date_gmt":"2022-10-14 16:03:46","post_content":"","post_title":"PALABRA","post_excerpt":"","post_status":"publish","comment_status":"closed","ping_status":"closed","post_password":"","post_name":"palabra","to_ping":"","pinged":"","post_modified":"2022-10-14 18:03:46","post_modified_gmt":"2022-10-14 16:03:46","post_content_filtered":"","post_parent":0,"guid":"http:\/\/dev.claret.cat\/autor\/palabra\/","menu_order":0,"post_type":"autor","post_mime_type":"","comment_count":"0","filter":"raw"}]},"aioseo_notices":[],"_links":{"self":[{"href":"https:\/\/www.claret.cat\/es\/wp-json\/wp\/v2\/product\/99885","targetHints":{"allow":["GET"]}}],"collection":[{"href":"https:\/\/www.claret.cat\/es\/wp-json\/wp\/v2\/product"}],"about":[{"href":"https:\/\/www.claret.cat\/es\/wp-json\/wp\/v2\/types\/product"}],"wp:featuredmedia":[{"embeddable":true,"href":"https:\/\/www.claret.cat\/es\/wp-json\/wp\/v2\/media\/272094"}],"wp:attachment":[{"href":"https:\/\/www.claret.cat\/es\/wp-json\/wp\/v2\/media?parent=99885"}],"wp:term":[{"taxonomy":"product_brand","embeddable":true,"href":"https:\/\/www.claret.cat\/es\/wp-json\/wp\/v2\/product_brand?post=99885"},{"taxonomy":"product_cat","embeddable":true,"href":"https:\/\/www.claret.cat\/es\/wp-json\/wp\/v2\/product_cat?post=99885"},{"taxonomy":"product_tag","embeddable":true,"href":"https:\/\/www.claret.cat\/es\/wp-json\/wp\/v2\/product_tag?post=99885"}],"curies":[{"name":"wp","href":"https:\/\/api.w.org\/{rel}","templated":true}]}}