{"id":9989,"date":"2022-09-30T19:46:27","date_gmt":"2022-09-30T17:46:27","guid":{"rendered":"http:\/\/dev.claret.cat\/producte\/dar-se-nos\/"},"modified":"2025-09-19T17:39:04","modified_gmt":"2025-09-19T15:39:04","slug":"darsenos-9788433030719","status":"publish","type":"product","link":"https:\/\/www.claret.cat\/es\/libro\/darsenos-9788433030719\/","title":{"rendered":"DAR-SE-NOS"},"content":{"rendered":"<p>Dios es y permanece siempre como Misterio Santo y se manifiesta al hombre como Presencia absoluta en la adoraci\u00f3n, en acto permanente de DAR-SE-NOS. Semejante b\u00fasqueda del hombre por parte de Dios hace posible toda b\u00fasqueda de Dios por parte del hombre. Gracias a este DAR-SE-NOS del Misterio Santo, tambi\u00e9n nosotros vivimos en el dar-se-nos que permite acceder a la comuni\u00f3n con el otro y con el Otro.El libro va planeando de modo suave sobre lo esencial que hay en nosotros y, t\u00fa, querido lector, tambi\u00e9n puedes planear en tu ser esencial, que es ah\u00ed donde somos.Esta obra nos invita a profundizar en la comprensi\u00f3n de nuestra vida espiritual sin complejos ni a\u00f1adidas y superficiales complicaciones. Como indican los autores, se trata de acoger el Absoluto que consiste en conocer desde el silencio y desde la primera a la \u00faltima p\u00e1gina nos muestran su interioridad personal a partir de experiencias que todos hemos tenido alguna vez. En definitiva, una obra repleta de sencillas y amigables sugerencias que nos ayudan a Dar-se-nos: al otro y sobre todo al Otro.<\/p>\n","protected":false},"excerpt":{"rendered":"<p>MONTALT, ENRIQUE Y MERCEDES<\/p>\n","protected":false},"featured_media":347155,"template":"","meta":{"_acf_changed":false,"om_disable_all_campaigns":false,"rs_blank_template":"","rs_page_bg_color":"","slide_template_v7":"","inline_featured_image":false,"_monsterinsights_skip_tracking":false,"_monsterinsights_sitenote_active":false,"_monsterinsights_sitenote_note":"","_monsterinsights_sitenote_category":0},"product_brand":[],"product_cat":[392,231],"product_tag":[],"class_list":{"0":"post-9989","1":"product","2":"type-product","3":"status-publish","4":"has-post-thumbnail","6":"product_cat-obras-generales","7":"product_cat-obres-generals","9":"first","10":"instock","11":"taxable","12":"shipping-taxable","13":"purchasable","14":"product-type-simple"},"acf":{"autor":"MONTALT, ENRIQUE Y MERCEDES","codart":"843303071","libros-coleccion":"A los cuatro vientos","ediciones":"1","encuadernacion":"R\u00fastica","fecha_de_publicacion":"28\/10\/2019","novedad":"1","paginas":"200","subtitulo":"APROXIMARSE AL SENTIDO DE LA PROPIA VIDA PERMITE ACCEDER A LA COMUNI\u00d3N CON EL OTRO Y CON EL OTRO","orden":"0","portada":"0","idioma":"spa","editorial":[{"ID":6179,"post_author":"3","post_date":"2022-07-28 17:46:36","post_date_gmt":"2022-07-28 15:46:36","post_content":"","post_title":"DESCLEE DE BROUWER","post_excerpt":"","post_status":"publish","comment_status":"closed","ping_status":"closed","post_password":"","post_name":"desclee-de-brouwer","to_ping":"","pinged":"","post_modified":"2022-07-28 17:46:36","post_modified_gmt":"2022-07-28 15:46:36","post_content_filtered":"","post_parent":0,"guid":"http:\/\/dev.claret.cat\/editorial\/desclee-de-brouwer\/","menu_order":0,"post_type":"editorial","post_mime_type":"","comment_count":"0","filter":"raw"}],"autores-libros":[{"ID":155196,"post_author":"3","post_date":"2022-10-14 15:10:55","post_date_gmt":"2022-10-14 13:10:55","post_content":"","post_title":"ENRIQUE Y MERCEDES MONTALT","post_excerpt":"","post_status":"publish","comment_status":"closed","ping_status":"closed","post_password":"","post_name":"enrique-y-mercedes-montalt","to_ping":"","pinged":"","post_modified":"2022-10-14 15:10:55","post_modified_gmt":"2022-10-14 13:10:55","post_content_filtered":"","post_parent":0,"guid":"http:\/\/dev.claret.cat\/autor\/enrique-y-mercedes-montalt\/","menu_order":0,"post_type":"autor","post_mime_type":"","comment_count":"0","filter":"raw"}],"booktrailer":"","resenas":""},"aioseo_notices":[],"_links":{"self":[{"href":"https:\/\/www.claret.cat\/es\/wp-json\/wp\/v2\/product\/9989","targetHints":{"allow":["GET"]}}],"collection":[{"href":"https:\/\/www.claret.cat\/es\/wp-json\/wp\/v2\/product"}],"about":[{"href":"https:\/\/www.claret.cat\/es\/wp-json\/wp\/v2\/types\/product"}],"wp:featuredmedia":[{"embeddable":true,"href":"https:\/\/www.claret.cat\/es\/wp-json\/wp\/v2\/media\/347155"}],"wp:attachment":[{"href":"https:\/\/www.claret.cat\/es\/wp-json\/wp\/v2\/media?parent=9989"}],"wp:term":[{"taxonomy":"product_brand","embeddable":true,"href":"https:\/\/www.claret.cat\/es\/wp-json\/wp\/v2\/product_brand?post=9989"},{"taxonomy":"product_cat","embeddable":true,"href":"https:\/\/www.claret.cat\/es\/wp-json\/wp\/v2\/product_cat?post=9989"},{"taxonomy":"product_tag","embeddable":true,"href":"https:\/\/www.claret.cat\/es\/wp-json\/wp\/v2\/product_tag?post=9989"}],"curies":[{"name":"wp","href":"https:\/\/api.w.org\/{rel}","templated":true}]}}