{"id":99903,"date":"2022-10-12T07:45:51","date_gmt":"2022-10-12T05:45:51","guid":{"rendered":"http:\/\/dev.claret.cat\/producte\/buscando-al-senor\/"},"modified":"2024-05-02T05:48:53","modified_gmt":"2024-05-02T03:48:53","slug":"buscando-al-senor-9788428836012","status":"publish","type":"product","link":"https:\/\/www.claret.cat\/es\/libro\/buscando-al-senor-9788428836012\/","title":{"rendered":"BUSCANDO AL SE\u00d1OR"},"content":{"rendered":"<p>En esta catequesis de adolescentes y j\u00f3venes se ofrece un camino de maduraci\u00f3n en la fe, en el que el joven sepa hacia d\u00f3nde se encamina y al mismo tiempo se sienta acompa\u00f1ado por un catequista enviado por la Iglesia a esta misi\u00f3n.La formaci\u00f3n cristiana es fundamental para afianzar la fe. Las 20 catequesis que se presentan est\u00e1n ideadas para j\u00f3venes a partir de los 16 a\u00f1os. La primera catequesis trata de situar al joven en el camino exigente de la fe. Posteriormente se ofrecen dos temas sobre el sentido de la fe y siete que tratan de acercar la figura de Dios Padre al catequizando. Seis catequesis ayudar\u00e1n a profundizar sobre Jes\u00fas y su invitaci\u00f3n a seguirlo. Un tema sobre el Esp\u00edritu Santo dar\u00e1 pie a abrirse al sentido de Iglesia y a vivir los valores del Reino anunciado por Jes\u00fas que nos permitir\u00e1 vivir un d\u00eda en el coraz\u00f3n de Dios. La \u00faltima catequesis est\u00e1 destinada a la Virgen Mar\u00eda, la acompa\u00f1ante de la vida cristiana, la alentadora de la fe. En el ap\u00e9ndice se presenta c\u00f3mo elaborar el proyecto personal, una selecci\u00f3n de textos b\u00edblicos y oraciones que pueden ayudar al encuentro con el Se\u00f1or.El esquema metodol\u00f3gico de las distintas catequesis es activo y participativo, a trav\u00e9s de preguntas concretas para el di\u00e1logo. Comienza con una motivaci\u00f3n; se sigue con la iluminaci\u00f3n cristiana, presentando de manera \u00e1gil el contenido de la fe; el momento de oraci\u00f3n, unas sugerencias para vivir el compromiso y un texto para la lectura personal que ayuda a enriquecer la sesi\u00f3n de catequesis. Como ap\u00e9ndice se ofrece un material para enriquecer la vida espiritual de los j\u00f3venes.<\/p>\n","protected":false},"excerpt":{"rendered":"<p>ARJONA GIL, JOS\u00c9, pbro.<\/p>\n","protected":false},"featured_media":338091,"template":"","meta":{"_acf_changed":false,"om_disable_all_campaigns":false,"rs_blank_template":"","rs_page_bg_color":"","slide_template_v7":"","inline_featured_image":false,"_monsterinsights_skip_tracking":false,"_monsterinsights_sitenote_active":false,"_monsterinsights_sitenote_note":"","_monsterinsights_sitenote_category":0},"product_brand":[],"product_cat":[90,540],"product_tag":[],"class_list":{"0":"post-99903","1":"product","2":"type-product","3":"status-publish","4":"has-post-thumbnail","6":"product_cat-altres","7":"product_cat-otros","9":"first","10":"instock","11":"taxable","12":"shipping-taxable","13":"purchasable","14":"product-type-simple"},"acf":{"editorial":[{"ID":6335,"post_author":"3","post_date":"2022-07-28 17:49:59","post_date_gmt":"2022-07-28 15:49:59","post_content":"","post_title":"PPC altres","post_excerpt":"","post_status":"publish","comment_status":"closed","ping_status":"closed","post_password":"","post_name":"ppc-altres","to_ping":"","pinged":"","post_modified":"2022-07-28 17:49:59","post_modified_gmt":"2022-07-28 15:49:59","post_content_filtered":"","post_parent":0,"guid":"http:\/\/dev.claret.cat\/editorial\/ppc-altres\/","menu_order":0,"post_type":"editorial","post_mime_type":"","comment_count":"0","filter":"raw"}],"autores-libros":[{"ID":5636,"post_author":"3","post_date":"2022-07-28 17:28:14","post_date_gmt":"2022-07-28 15:28:14","post_content":"","post_title":"JOS\u00c9 ARJONA GIL","post_excerpt":"","post_status":"publish","comment_status":"closed","ping_status":"closed","post_password":"","post_name":"jose-arjona-gil","to_ping":"","pinged":"","post_modified":"2022-07-28 17:28:14","post_modified_gmt":"2022-07-28 15:28:14","post_content_filtered":"","post_parent":0,"guid":"http:\/\/dev.claret.cat\/autor\/jose-arjona-gil\/","menu_order":0,"post_type":"autor","post_mime_type":"","comment_count":"0","filter":"raw"}],"autor":"ARJONA GIL, JOS\u00c9, pbro.","codart":"842883601","libros-coleccion":"","ediciones":"1","encuadernacion":"R\u00fastica","fecha_de_publicacion":"09\/12\/2020","novedad":"1","paginas":"248","subtitulo":"CATEQUESIS DE J\u00d3VENES PARA PROFUNDIZAR EN LA FE","orden":"0","portada":"0","idioma":"spa"},"aioseo_notices":[],"_links":{"self":[{"href":"https:\/\/www.claret.cat\/es\/wp-json\/wp\/v2\/product\/99903","targetHints":{"allow":["GET"]}}],"collection":[{"href":"https:\/\/www.claret.cat\/es\/wp-json\/wp\/v2\/product"}],"about":[{"href":"https:\/\/www.claret.cat\/es\/wp-json\/wp\/v2\/types\/product"}],"wp:featuredmedia":[{"embeddable":true,"href":"https:\/\/www.claret.cat\/es\/wp-json\/wp\/v2\/media\/338091"}],"wp:attachment":[{"href":"https:\/\/www.claret.cat\/es\/wp-json\/wp\/v2\/media?parent=99903"}],"wp:term":[{"taxonomy":"product_brand","embeddable":true,"href":"https:\/\/www.claret.cat\/es\/wp-json\/wp\/v2\/product_brand?post=99903"},{"taxonomy":"product_cat","embeddable":true,"href":"https:\/\/www.claret.cat\/es\/wp-json\/wp\/v2\/product_cat?post=99903"},{"taxonomy":"product_tag","embeddable":true,"href":"https:\/\/www.claret.cat\/es\/wp-json\/wp\/v2\/product_tag?post=99903"}],"curies":[{"name":"wp","href":"https:\/\/api.w.org\/{rel}","templated":true}]}}