{"id":99927,"date":"2022-10-12T07:46:11","date_gmt":"2022-10-12T05:46:11","guid":{"rendered":"http:\/\/dev.claret.cat\/producte\/viento-salvaje\/"},"modified":"2023-01-28T08:29:49","modified_gmt":"2023-01-28T07:29:49","slug":"viento-salvaje-9788412283105","status":"publish","type":"product","link":"https:\/\/www.claret.cat\/es\/libro\/viento-salvaje-9788412283105\/","title":{"rendered":"VIENTO SALVAJE"},"content":{"rendered":"<p>Cr\u00f3nica intensa del episodio de ventisca que asol\u00f3 los Pirineos, de forma brutal y repentina, durante los \u00faltimos d\u00edas del a\u00f1o 2000: de los excursionistas que se vieron atrapados alrededor de la cima del Balandrau y de los equipos que intentaron su rescate. Jordi Cruz, meteor\u00f3logo, investig\u00f3 aquellos sucesos a\u00f1os despu\u00e9s. El resultado no es solo un libro de monta\u00f1a, sino la historia de quienes lo pedecieron.<\/p>\n","protected":false},"excerpt":{"rendered":"<p>CRUZ I SERRA, JORDI<\/p>\n","protected":false},"featured_media":99928,"template":"","meta":{"_acf_changed":false,"om_disable_all_campaigns":false,"rs_blank_template":"","rs_page_bg_color":"","slide_template_v7":"","inline_featured_image":false,"_monsterinsights_skip_tracking":false,"_monsterinsights_sitenote_active":false,"_monsterinsights_sitenote_note":"","_monsterinsights_sitenote_category":0},"product_brand":[],"product_cat":[90],"product_tag":[],"class_list":{"0":"post-99927","1":"product","2":"type-product","3":"status-publish","4":"has-post-thumbnail","6":"product_cat-altres","8":"first","9":"instock","10":"taxable","11":"shipping-taxable","12":"purchasable","13":"product-type-simple"},"acf":{"editorial":[{"ID":148969,"post_author":"3","post_date":"2022-10-14 12:02:25","post_date_gmt":"2022-10-14 10:02:25","post_content":"","post_title":"Volcano Libros","post_excerpt":"","post_status":"publish","comment_status":"closed","ping_status":"closed","post_password":"","post_name":"volcano-libros","to_ping":"","pinged":"","post_modified":"2022-10-14 12:02:25","post_modified_gmt":"2022-10-14 10:02:25","post_content_filtered":"","post_parent":0,"guid":"http:\/\/dev.claret.cat\/editorial\/volcano-libros\/","menu_order":0,"post_type":"editorial","post_mime_type":"","comment_count":"0","filter":"raw"}],"autores-libros":[{"ID":159879,"post_author":"3","post_date":"2022-10-14 15:48:28","post_date_gmt":"2022-10-14 13:48:28","post_content":"","post_title":"JORDI CRUZ I SERRA","post_excerpt":"","post_status":"publish","comment_status":"closed","ping_status":"closed","post_password":"","post_name":"jordi-cruz-i-serra","to_ping":"","pinged":"","post_modified":"2022-10-14 15:48:28","post_modified_gmt":"2022-10-14 13:48:28","post_content_filtered":"","post_parent":0,"guid":"http:\/\/dev.claret.cat\/autor\/jordi-cruz-i-serra\/","menu_order":0,"post_type":"autor","post_mime_type":"","comment_count":"0","filter":"raw"}],"autor":"CRUZ I SERRA, JORDI","codart":"841228310","libros-coleccion":"Volcano","ediciones":"1","encuadernacion":"R\u00fastica","fecha_de_publicacion":"01\/12\/2020","novedad":"1","paginas":"240","subtitulo":"CR\u00d3NICA DE UNA TRAGEDIA EN LOS PIRINEOS","orden":"0","portada":"0","idioma":"spa"},"aioseo_notices":[],"_links":{"self":[{"href":"https:\/\/www.claret.cat\/es\/wp-json\/wp\/v2\/product\/99927","targetHints":{"allow":["GET"]}}],"collection":[{"href":"https:\/\/www.claret.cat\/es\/wp-json\/wp\/v2\/product"}],"about":[{"href":"https:\/\/www.claret.cat\/es\/wp-json\/wp\/v2\/types\/product"}],"wp:featuredmedia":[{"embeddable":true,"href":"https:\/\/www.claret.cat\/es\/wp-json\/wp\/v2\/media\/99928"}],"wp:attachment":[{"href":"https:\/\/www.claret.cat\/es\/wp-json\/wp\/v2\/media?parent=99927"}],"wp:term":[{"taxonomy":"product_brand","embeddable":true,"href":"https:\/\/www.claret.cat\/es\/wp-json\/wp\/v2\/product_brand?post=99927"},{"taxonomy":"product_cat","embeddable":true,"href":"https:\/\/www.claret.cat\/es\/wp-json\/wp\/v2\/product_cat?post=99927"},{"taxonomy":"product_tag","embeddable":true,"href":"https:\/\/www.claret.cat\/es\/wp-json\/wp\/v2\/product_tag?post=99927"}],"curies":[{"name":"wp","href":"https:\/\/api.w.org\/{rel}","templated":true}]}}