{"id":999426,"date":"2025-01-14T17:46:09","date_gmt":"2025-01-14T16:46:09","guid":{"rendered":"https:\/\/www.claret.cat\/llibre\/12-soluciones-para-superar-los-retos-de-las-pantallas-9788408296928\/"},"modified":"2025-01-15T10:10:55","modified_gmt":"2025-01-15T09:10:55","slug":"12-soluciones-para-superar-los-retos-de-las-pantallas-9788408296928","status":"publish","type":"product","link":"https:\/\/www.claret.cat\/es\/libro\/12-soluciones-para-superar-los-retos-de-las-pantallas-9788408296928\/","title":{"rendered":"12 SOLUCIONES PARA SUPERAR LOS RETOS DE LAS PANTALLAS"},"content":{"rendered":"<p>Una obra pr\u00e1ctica que, desde la evidencia cient\u00edfica, aporta soluciones al da\u00f1o que producen las pantallas en la infancia y en la juventud\u00abLee este libro y pon en pr\u00e1ctica las doce soluciones que te voy a explicar, sin saltarte ninguna de ellas. Si sigues al pie de la letra estos consejos, sin perdonarte ni uno, te aseguro que habr\u00e1s salvado a tus hijos de la peor pesadilla que les espera.\u00bb<\/p>\n<p> Si en su anterior obra Salmones, hormonas y pantallas, el prestigioso y premiado catedr\u00e1tico en salud p\u00fablica, el doctor Miguel \u00c1ngel Mart\u00ednez-Gonz\u00e1lez, ya abordaba el tema de la adicci\u00f3n al m\u00f3vil de los j\u00f3venes, aqu\u00ed va un paso m\u00e1s all\u00e1 y plantea doce soluciones concretas para los padres y educadores, proporcionando un completo repertorio de recursos para hacer frente a estos riesgos desde la cotidianidad dom\u00e9stica. En su experiencia como conferenciante por medio mundo, cuenta que no hay padre o madre de menores que hoy no est\u00e9 preocupado por las amenazas y da\u00f1os que las pantallas conectadas a internet pueden provocar en la salud mental de sus hijos. Suena alarmante, y lo es, pero el autor tambi\u00e9n nos brinda en este libro muchos motivos para tener esperanza.<\/p>\n","protected":false},"excerpt":{"rendered":"<p>MART\u00cdNEZ-GONZ\u00c1LEZ, MIGUEL \u00c1NGEL<\/p>\n","protected":false},"featured_media":999892,"template":"","meta":{"_acf_changed":false,"om_disable_all_campaigns":false,"rs_blank_template":"","rs_page_bg_color":"","slide_template_v7":"","inline_featured_image":false,"_monsterinsights_skip_tracking":false,"_monsterinsights_sitenote_active":false,"_monsterinsights_sitenote_note":"","_monsterinsights_sitenote_category":0},"product_brand":[],"product_cat":[90,540],"product_tag":[],"class_list":{"0":"post-999426","1":"product","2":"type-product","3":"status-publish","4":"has-post-thumbnail","6":"product_cat-altres","7":"product_cat-otros","9":"first","10":"instock","11":"taxable","12":"shipping-taxable","13":"purchasable","14":"product-type-simple"},"acf":{"autor":"MART\u00cdNEZ-GONZ\u00c1LEZ, MIGUEL \u00c1NGEL","codart":"840829692","libros-coleccion":"NO FICCION","ediciones":"1","encuadernacion":"R\u00fastica","fecha_de_publicacion":"01\/01\/2025","novedad":"1","paginas":"240","subtitulo":"C\u00d3MO PREVENIR ADICCIONES, EL CONSUMO DE PORNOGRAF\u00cdA Y PROBLEMAS DE SALUD MENTAL","orden":"0","portada":"0","idioma":"spa","editorial":[{"ID":6233,"post_author":"3","post_date":"2022-07-28 17:47:48","post_date_gmt":"2022-07-28 15:47:48","post_content":"","post_title":"EDITORIAL PLANETA","post_excerpt":"","post_status":"publish","comment_status":"closed","ping_status":"closed","post_password":"","post_name":"editorial-planeta","to_ping":"","pinged":"","post_modified":"2022-07-28 17:47:48","post_modified_gmt":"2022-07-28 15:47:48","post_content_filtered":"","post_parent":0,"guid":"http:\/\/dev.claret.cat\/editorial\/editorial-planeta\/","menu_order":0,"post_type":"editorial","post_mime_type":"","comment_count":"0","filter":"raw"}]},"aioseo_notices":[],"_links":{"self":[{"href":"https:\/\/www.claret.cat\/es\/wp-json\/wp\/v2\/product\/999426","targetHints":{"allow":["GET"]}}],"collection":[{"href":"https:\/\/www.claret.cat\/es\/wp-json\/wp\/v2\/product"}],"about":[{"href":"https:\/\/www.claret.cat\/es\/wp-json\/wp\/v2\/types\/product"}],"wp:featuredmedia":[{"embeddable":true,"href":"https:\/\/www.claret.cat\/es\/wp-json\/wp\/v2\/media\/999892"}],"wp:attachment":[{"href":"https:\/\/www.claret.cat\/es\/wp-json\/wp\/v2\/media?parent=999426"}],"wp:term":[{"taxonomy":"product_brand","embeddable":true,"href":"https:\/\/www.claret.cat\/es\/wp-json\/wp\/v2\/product_brand?post=999426"},{"taxonomy":"product_cat","embeddable":true,"href":"https:\/\/www.claret.cat\/es\/wp-json\/wp\/v2\/product_cat?post=999426"},{"taxonomy":"product_tag","embeddable":true,"href":"https:\/\/www.claret.cat\/es\/wp-json\/wp\/v2\/product_tag?post=999426"}],"curies":[{"name":"wp","href":"https:\/\/api.w.org\/{rel}","templated":true}]}}