{"id":99948,"date":"2022-10-12T07:46:29","date_gmt":"2022-10-12T05:46:29","guid":{"rendered":"http:\/\/dev.claret.cat\/producte\/manifest-per-la-lectura\/"},"modified":"2024-01-31T21:13:55","modified_gmt":"2024-01-31T20:13:55","slug":"manifest-per-la-lectura-9788497103114","status":"publish","type":"product","link":"https:\/\/www.claret.cat\/es\/libro\/manifest-per-la-lectura-9788497103114\/","title":{"rendered":"MANIFEST PER LA LECTURA"},"content":{"rendered":"<p>Un manifest breu per al foment de la lectura encarregat per la Federaci\u00f3n de Gremios de Editores de Espa\u00f1a. Ara que ja est\u00e0 a disposici\u00f3 de tots els lectors, el desig de l&#8221;autora \u00e9s que els drets d&#8221;autor que generi es dediquin al suport de projectes i institucions de foment de la lectura.<br \/> Un pacte pel llibre i la lectura ha d&#8221;estar motivat per la inspiraci\u00f3 d&#8221;aconseguir que els ciutadans trobin tant de sentit en l&#8221;acte de llegir que la lectura sigui una experi\u00e8ncia freq\u00fcent en les seves vides. Les mesures i els programes vindran sempre despr\u00e9s de persuadir del significat de l&#8221;experi\u00e8ncia lectora. Per als editors, els valors de la lectura s\u00f3n universals i eterns, i vol\u00edem reivindicar-los de manera p\u00fablica en una mena de manifest per defensar i difondre els motius pels quals creiem en els llibres. Aquesta declaraci\u00f3 hauria de nodrir la visi\u00f3 del pacte que proposem als nostres pol\u00edtics.<br \/> Un petit llibre que vol refermar un pacte d&#8221;estat per la lectura i el llibre. Tots els drets d&#8221;autor aniran destinats al recolzament de projectes i institucions que fomentin la lectura.<\/p>\n","protected":false},"excerpt":{"rendered":"<p>VALLEJO, IRENE<\/p>\n","protected":false},"featured_media":99949,"template":"","meta":{"_acf_changed":false,"om_disable_all_campaigns":false,"rs_blank_template":"","rs_page_bg_color":"","slide_template_v7":"","inline_featured_image":false,"_monsterinsights_skip_tracking":false,"_monsterinsights_sitenote_active":false,"_monsterinsights_sitenote_note":"","_monsterinsights_sitenote_category":0},"product_brand":[],"product_cat":[90,540],"product_tag":[],"class_list":{"0":"post-99948","1":"product","2":"type-product","3":"status-publish","4":"has-post-thumbnail","6":"product_cat-altres","7":"product_cat-otros","9":"first","10":"instock","11":"taxable","12":"shipping-taxable","13":"purchasable","14":"product-type-simple"},"acf":{"editorial":[{"ID":6181,"post_author":"3","post_date":"2022-07-28 17:46:38","post_date_gmt":"2022-07-28 15:46:38","post_content":"","post_title":"Destino CAT","post_excerpt":"","post_status":"publish","comment_status":"closed","ping_status":"closed","post_password":"","post_name":"destino-cat","to_ping":"","pinged":"","post_modified":"2022-07-28 17:46:38","post_modified_gmt":"2022-07-28 15:46:38","post_content_filtered":"","post_parent":0,"guid":"http:\/\/dev.claret.cat\/editorial\/destino-cat\/","menu_order":0,"post_type":"editorial","post_mime_type":"","comment_count":"0","filter":"raw"}],"autores-libros":[{"ID":5553,"post_author":"3","post_date":"2022-07-28 17:26:27","post_date_gmt":"2022-07-28 15:26:27","post_content":"","post_title":"IRENE VALLEJO","post_excerpt":"","post_status":"publish","comment_status":"closed","ping_status":"closed","post_password":"","post_name":"irene-vallejo","to_ping":"","pinged":"","post_modified":"2022-07-28 17:26:27","post_modified_gmt":"2022-07-28 15:26:27","post_content_filtered":"","post_parent":0,"guid":"http:\/\/dev.claret.cat\/autor\/irene-vallejo\/","menu_order":0,"post_type":"autor","post_mime_type":"","comment_count":"0","filter":"raw"}],"autor":"VALLEJO, IRENE","codart":"849710311","libros-coleccion":"FORA DE COL.LECCI\u00d3","ediciones":"1","encuadernacion":"R\u00fastica","fecha_de_publicacion":"01\/11\/2020","novedad":"1","paginas":"76","subtitulo":"","orden":"0","portada":"0","idioma":"cat"},"aioseo_notices":[],"_links":{"self":[{"href":"https:\/\/www.claret.cat\/es\/wp-json\/wp\/v2\/product\/99948","targetHints":{"allow":["GET"]}}],"collection":[{"href":"https:\/\/www.claret.cat\/es\/wp-json\/wp\/v2\/product"}],"about":[{"href":"https:\/\/www.claret.cat\/es\/wp-json\/wp\/v2\/types\/product"}],"wp:featuredmedia":[{"embeddable":true,"href":"https:\/\/www.claret.cat\/es\/wp-json\/wp\/v2\/media\/99949"}],"wp:attachment":[{"href":"https:\/\/www.claret.cat\/es\/wp-json\/wp\/v2\/media?parent=99948"}],"wp:term":[{"taxonomy":"product_brand","embeddable":true,"href":"https:\/\/www.claret.cat\/es\/wp-json\/wp\/v2\/product_brand?post=99948"},{"taxonomy":"product_cat","embeddable":true,"href":"https:\/\/www.claret.cat\/es\/wp-json\/wp\/v2\/product_cat?post=99948"},{"taxonomy":"product_tag","embeddable":true,"href":"https:\/\/www.claret.cat\/es\/wp-json\/wp\/v2\/product_tag?post=99948"}],"curies":[{"name":"wp","href":"https:\/\/api.w.org\/{rel}","templated":true}]}}