{"id":999481,"date":"2025-01-14T18:20:39","date_gmt":"2025-01-14T17:20:39","guid":{"rendered":"https:\/\/www.claret.cat\/llibre\/diari-duna-penjada-16-quina-crac-de-germaneta-9788413899534\/"},"modified":"2025-10-20T19:41:24","modified_gmt":"2025-10-20T17:41:24","slug":"diari-duna-penjada-16-quina-crac-de-germaneta-9788413899534","status":"publish","type":"product","link":"https:\/\/www.claret.cat\/es\/libro\/diari-duna-penjada-16-quina-crac-de-germaneta-9788413899534\/","title":{"rendered":"DIARI D&#8217;UNA PENJADA 16. QUINA CRAC DE GERMANETA!"},"content":{"rendered":"<p>Arriba una altra aventura esbojarrada de la Nikki Maxwell, la noia m\u00e9s penjada de l&#8217;insti!\u00a0<br \/> La Brianna, la germana m\u00e9s petita de la Nikki, \u00e9s un aut\u00e8ntic corc\u00f3! Es cola a la seva habitaci\u00f3 per robar-li la roba i enganxar-li dibuixos a la porta que no fan gens de gr\u00e0cia&#8230; per\u00f2 la Nikki t\u00e9 coses m\u00e9s importants en qu\u00e8 pensar. Aquest ser\u00e0 el primer curs al nou institut, i nom\u00e9s t\u00e9 72 hores per idear un pla per convertir-se en l&#8217;alumna exemplar que sempre ha volgut ser. Per\u00f2 un imprevist ho capgira tot i els objectes m\u00e9s preuats de la Nikki, el seu m\u00f2bil i el seu diari, acaben en mans de la Brianna. Qui sap si aix\u00f2 comportar\u00e0 la ri\u00efna del seu any fabul\u00f3s o, encara pitjor, la fi de l&#8217;amistat amb la Zoey, la Chloe i en Brandon!<\/p>\n<p> ***<br \/> &#8211; La col\u00b7lecci\u00f3 narrada en forma de diari personal\u00a0en \u00e8poca d&#8221;institut que porta prop de 40 milions d&#8221;exemplars venuts a tot el m\u00f3n.\u00a0<br \/> &#8211; La versi\u00f3 femenina de Diari del Greg, s\u00e8rie d&#8217;\u00e8xit mundial.\u00a0<br \/> &#8211; El dia a dia a l&#8217;institut, la necessitat d&#8217;encaixar, la popularitat, l&#8217;amistat i els primers amors s\u00f3n temes molt populars entre el p\u00fablic infantil i juvenil. Tot tractat amb molt d&#8217;humor per la Nikki Maxwell!<\/p>\n","protected":false},"excerpt":{"rendered":"<p>RUSSELL, RACHEL REN\u00c9E<\/p>\n","protected":false},"featured_media":1001353,"template":"","meta":{"_acf_changed":false,"om_disable_all_campaigns":false,"rs_blank_template":"","rs_page_bg_color":"","slide_template_v7":"","inline_featured_image":false,"_monsterinsights_skip_tracking":false,"_monsterinsights_sitenote_active":false,"_monsterinsights_sitenote_note":"","_monsterinsights_sitenote_category":0},"product_brand":[],"product_cat":[132,362],"product_tag":[],"class_list":{"0":"post-999481","1":"product","2":"type-product","3":"status-publish","4":"has-post-thumbnail","6":"product_cat-lectures-per-preadolescents-6-12-anys","7":"product_cat-libros-preadolescentes-6-12-anos","9":"first","10":"instock","11":"taxable","12":"shipping-taxable","13":"purchasable","14":"product-type-simple"},"acf":{"autor":"RUSSELL, RACHEL REN\u00c9E","codart":"841389953","libros-coleccion":"Diari d\u00b4una penjada","ediciones":"1","encuadernacion":"Carton\u00e9","fecha_de_publicacion":"01\/01\/2025","novedad":"1","paginas":"232","subtitulo":"","orden":"0","portada":"0","idioma":"cat","editorial":[{"ID":6249,"post_author":"3","post_date":"2022-07-28 17:48:09","post_date_gmt":"2022-07-28 15:48:09","post_content":"","post_title":"Estrella Polar","post_excerpt":"","post_status":"publish","comment_status":"closed","ping_status":"closed","post_password":"","post_name":"estrella-polar","to_ping":"","pinged":"","post_modified":"2022-07-28 17:48:09","post_modified_gmt":"2022-07-28 15:48:09","post_content_filtered":"","post_parent":0,"guid":"http:\/\/dev.claret.cat\/editorial\/estrella-polar\/","menu_order":0,"post_type":"editorial","post_mime_type":"","comment_count":"0","filter":"raw"}],"booktrailer":"","resenas":""},"aioseo_notices":[],"_links":{"self":[{"href":"https:\/\/www.claret.cat\/es\/wp-json\/wp\/v2\/product\/999481","targetHints":{"allow":["GET"]}}],"collection":[{"href":"https:\/\/www.claret.cat\/es\/wp-json\/wp\/v2\/product"}],"about":[{"href":"https:\/\/www.claret.cat\/es\/wp-json\/wp\/v2\/types\/product"}],"wp:featuredmedia":[{"embeddable":true,"href":"https:\/\/www.claret.cat\/es\/wp-json\/wp\/v2\/media\/1001353"}],"wp:attachment":[{"href":"https:\/\/www.claret.cat\/es\/wp-json\/wp\/v2\/media?parent=999481"}],"wp:term":[{"taxonomy":"product_brand","embeddable":true,"href":"https:\/\/www.claret.cat\/es\/wp-json\/wp\/v2\/product_brand?post=999481"},{"taxonomy":"product_cat","embeddable":true,"href":"https:\/\/www.claret.cat\/es\/wp-json\/wp\/v2\/product_cat?post=999481"},{"taxonomy":"product_tag","embeddable":true,"href":"https:\/\/www.claret.cat\/es\/wp-json\/wp\/v2\/product_tag?post=999481"}],"curies":[{"name":"wp","href":"https:\/\/api.w.org\/{rel}","templated":true}]}}