{"id":99979,"date":"2022-10-12T07:46:56","date_gmt":"2022-10-12T05:46:56","guid":{"rendered":"http:\/\/dev.claret.cat\/producte\/enid-blyton-la-nena-mes-rebel-6-la-nena-mes-rebel-ajuda-una-amiga\/"},"modified":"2023-01-28T12:39:28","modified_gmt":"2023-01-28T11:39:28","slug":"enid-blyton-la-nena-mes-rebel-6-la-nena-mes-rebel-ajuda-una-amiga-9788499063461","status":"publish","type":"product","link":"https:\/\/www.claret.cat\/es\/libro\/enid-blyton-la-nena-mes-rebel-6-la-nena-mes-rebel-ajuda-una-amiga-9788499063461\/","title":{"rendered":"ENID BLYTON. LA NENA M\u00c9S REBEL, 6. LA NENA M\u00c9S REBEL AJUDA UNA AMIGA"},"content":{"rendered":"<p>Com pot la NENA M\u00c9S REBEL portar-se b\u00e9 al campament si comparteix tenda amb l&#8221;horrible Arabella? Sobretot quan l&#8221;Arabella no para de buscar raons entre l&#8221;Elizabeth i la seva millor amiga, la Joan. Per\u00f2 sembla que l&#8221;Arabella no \u00e9s l&#8221;\u00fanica que causa problemes a les dues bones amigues.<\/p>\n","protected":false},"excerpt":{"rendered":"<p>BLYTON, ENID \/ DIGBY, ANNE<\/p>\n","protected":false},"featured_media":99980,"template":"","meta":{"_acf_changed":false,"om_disable_all_campaigns":false,"rs_blank_template":"","rs_page_bg_color":"","slide_template_v7":"","inline_featured_image":false,"_monsterinsights_skip_tracking":false,"_monsterinsights_sitenote_active":false,"_monsterinsights_sitenote_note":"","_monsterinsights_sitenote_category":0},"product_brand":[],"product_cat":[132],"product_tag":[],"class_list":{"0":"post-99979","1":"product","2":"type-product","3":"status-publish","4":"has-post-thumbnail","6":"product_cat-lectures-per-preadolescents-6-12-anys","8":"first","9":"instock","10":"taxable","11":"shipping-taxable","12":"purchasable","13":"product-type-simple"},"acf":{"editorial":[{"ID":6221,"post_author":"3","post_date":"2022-07-28 17:47:29","post_date_gmt":"2022-07-28 15:47:29","post_content":"","post_title":"Editorial Br\u00faixola","post_excerpt":"","post_status":"publish","comment_status":"closed","ping_status":"closed","post_password":"","post_name":"editorial-bruixola","to_ping":"","pinged":"","post_modified":"2022-07-28 17:47:29","post_modified_gmt":"2022-07-28 15:47:29","post_content_filtered":"","post_parent":0,"guid":"http:\/\/dev.claret.cat\/editorial\/editorial-bruixola\/","menu_order":0,"post_type":"editorial","post_mime_type":"","comment_count":"0","filter":"raw"}],"autor":"BLYTON, ENID \/ DIGBY, ANNE","codart":"849906346","libros-coleccion":"Catal\u00e1 - A Partir De 10 Anys - Personatg","ediciones":"1","encuadernacion":"Carpeta","fecha_de_publicacion":"01\/11\/2020","novedad":"1","paginas":"180","subtitulo":"","orden":"0","portada":"0","idioma":"cat","autores-libros":[{"ID":150692,"post_author":"3","post_date":"2022-10-14 14:34:59","post_date_gmt":"2022-10-14 12:34:59","post_content":"","post_title":"ANNE DIGBY","post_excerpt":"","post_status":"publish","comment_status":"closed","ping_status":"closed","post_password":"","post_name":"anne-digby","to_ping":"","pinged":"","post_modified":"2022-10-14 14:34:59","post_modified_gmt":"2022-10-14 12:34:59","post_content_filtered":"","post_parent":0,"guid":"http:\/\/dev.claret.cat\/autor\/anne-digby\/","menu_order":0,"post_type":"autor","post_mime_type":"","comment_count":"0","filter":"raw"},{"ID":155082,"post_author":"3","post_date":"2022-10-14 15:10:01","post_date_gmt":"2022-10-14 13:10:01","post_content":"","post_title":"ENID BLYTON","post_excerpt":"","post_status":"publish","comment_status":"closed","ping_status":"closed","post_password":"","post_name":"enid-blyton","to_ping":"","pinged":"","post_modified":"2022-10-14 15:10:01","post_modified_gmt":"2022-10-14 13:10:01","post_content_filtered":"","post_parent":0,"guid":"http:\/\/dev.claret.cat\/autor\/enid-blyton\/","menu_order":0,"post_type":"autor","post_mime_type":"","comment_count":"0","filter":"raw"}]},"aioseo_notices":[],"_links":{"self":[{"href":"https:\/\/www.claret.cat\/es\/wp-json\/wp\/v2\/product\/99979","targetHints":{"allow":["GET"]}}],"collection":[{"href":"https:\/\/www.claret.cat\/es\/wp-json\/wp\/v2\/product"}],"about":[{"href":"https:\/\/www.claret.cat\/es\/wp-json\/wp\/v2\/types\/product"}],"wp:featuredmedia":[{"embeddable":true,"href":"https:\/\/www.claret.cat\/es\/wp-json\/wp\/v2\/media\/99980"}],"wp:attachment":[{"href":"https:\/\/www.claret.cat\/es\/wp-json\/wp\/v2\/media?parent=99979"}],"wp:term":[{"taxonomy":"product_brand","embeddable":true,"href":"https:\/\/www.claret.cat\/es\/wp-json\/wp\/v2\/product_brand?post=99979"},{"taxonomy":"product_cat","embeddable":true,"href":"https:\/\/www.claret.cat\/es\/wp-json\/wp\/v2\/product_cat?post=99979"},{"taxonomy":"product_tag","embeddable":true,"href":"https:\/\/www.claret.cat\/es\/wp-json\/wp\/v2\/product_tag?post=99979"}],"curies":[{"name":"wp","href":"https:\/\/api.w.org\/{rel}","templated":true}]}}