{"id":9998,"date":"2022-09-30T19:46:32","date_gmt":"2022-09-30T17:46:32","guid":{"rendered":"http:\/\/dev.claret.cat\/producte\/por-que-la-gente-a-la-que-quiero-me-hace-dano\/"},"modified":"2025-09-19T17:39:41","modified_gmt":"2025-09-19T15:39:41","slug":"por-que-la-gente-a-la-que-quiero-me-hace-dano-9788433030740","status":"publish","type":"product","link":"https:\/\/www.claret.cat\/es\/libro\/por-que-la-gente-a-la-que-quiero-me-hace-dano-9788433030740\/","title":{"rendered":"\u00bfPOR QU\u00c9 LA GENTE A LA QUE QUIERO ME HACE DA\u00d1O?"},"content":{"rendered":"<p>\u00bfPor qu\u00e9 las personas a quienes queremos a veces nos hacen da\u00f1o? \u00bfPor qu\u00e9 no podemos dejar de estar con personas que sabemos que son t\u00f3xicas? \u00bfPor qu\u00e9 a menudo nos comportamos, o sentimos, o pensamos de un modo que nos hace da\u00f1o? Este libro trata de dar respuesta a esas preguntas y a algunas m\u00e1s sobre el origen de muchas de las enfermedades psicol\u00f3gicas que nos aquejan en el mundo actual. Las diferentes etapas vitales, como la infancia, la adolescencia y la entrada a la edad adulta, implican bifurcaciones biol\u00f3gicas que van a determinar grandes cambios, y la  adaptaci\u00f3n a los mismos puede ser a veces patol\u00f3gica. Uniendo sus conocimientos sobre neurobiolog\u00eda y apego, el autor describe, de forma amena pero rigurosa, c\u00f3mo funciona el cerebro y c\u00f3mo los primeros a\u00f1os de vida modelan nuestra personalidad, ayud\u00e1ndonos a entender a las personas que nos rodean y a nosotros mismos. Todo lo que ocurre en nuestro cerebro es pura f\u00edsica y qu\u00edmica, y sin embargo se ve muy influido por el modo en que percibimos nuestra realidad. Es decir, por la uni\u00f3n y relaci\u00f3n entre mente y cerebro. Si est\u00e1s interesado en profundizar en la naturaleza humana y en el origen de la ansiedad y de muchas otras patolog\u00edas, este libro te entusiasmar\u00e1.<br \/> Manuel Hern\u00e1ndez Pacheco (1966) es licenciado en Biolog\u00eda y Psicolog\u00eda por la Universidad de M\u00e1laga. Es m\u00e1ster en EMDR e Hipnosis Cl\u00ednica, ambos por la UNED. Cuenta con un gran conocimiento y experiencia en todo lo relacionado con la neurobiolog\u00eda, el trauma y el apego.Actualmente alterna su actividad como psic\u00f3logo sanitario en su cl\u00ednica de Fuengirola (M\u00e1laga) con la docencia, como ponente nacional e internacional. En sus cursos y talleres imparte material tanto te\u00f3rico como pr\u00e1ctico sobre el trabajo con el trauma psicol\u00f3gico desde una perspectiva integradora, enfocada principalmente en la neurobiolog\u00eda y el apego. Cabe destacar, tambi\u00e9n, que es autor del libro Apego y psicopatolog\u00eda (5\u00aa edici\u00f3n) publicado por esta misma editorial.<\/p>\n","protected":false},"excerpt":{"rendered":"<p>HERN\u00c1NDEZ PACHECO, MANUEL<\/p>\n","protected":false},"featured_media":347161,"template":"","meta":{"_acf_changed":false,"om_disable_all_campaigns":false,"rs_blank_template":"","rs_page_bg_color":"","slide_template_v7":"","inline_featured_image":false,"_monsterinsights_skip_tracking":false,"_monsterinsights_sitenote_active":false,"_monsterinsights_sitenote_note":"","_monsterinsights_sitenote_category":0},"product_brand":[],"product_cat":[434,159],"product_tag":[],"class_list":{"0":"post-9998","1":"product","2":"type-product","3":"status-publish","4":"has-post-thumbnail","6":"product_cat-autores-sociologia-2_humanidades","7":"product_cat-autors","9":"first","10":"instock","11":"taxable","12":"shipping-taxable","13":"purchasable","14":"product-type-simple"},"acf":{"autor":"HERN\u00c1NDEZ PACHECO, MANUEL","codart":"843303074","libros-coleccion":"Serendipity Maior","ediciones":"1","encuadernacion":"R\u00fastica","fecha_de_publicacion":"28\/10\/2019","novedad":"1","paginas":"216","subtitulo":"NEUROBIOLOG\u00cdA, APEGO Y EMOCIONES","orden":"0","portada":"0","idioma":"spa","editorial":[{"ID":6179,"post_author":"3","post_date":"2022-07-28 17:46:36","post_date_gmt":"2022-07-28 15:46:36","post_content":"","post_title":"DESCLEE DE BROUWER","post_excerpt":"","post_status":"publish","comment_status":"closed","ping_status":"closed","post_password":"","post_name":"desclee-de-brouwer","to_ping":"","pinged":"","post_modified":"2022-07-28 17:46:36","post_modified_gmt":"2022-07-28 15:46:36","post_content_filtered":"","post_parent":0,"guid":"http:\/\/dev.claret.cat\/editorial\/desclee-de-brouwer\/","menu_order":0,"post_type":"editorial","post_mime_type":"","comment_count":"0","filter":"raw"}],"autores-libros":[{"ID":163168,"post_author":"3","post_date":"2022-10-14 17:36:52","post_date_gmt":"2022-10-14 15:36:52","post_content":"","post_title":"MANUEL HERN\u00c1NDEZ PACHECO","post_excerpt":"","post_status":"publish","comment_status":"closed","ping_status":"closed","post_password":"","post_name":"manuel-hernandez-pacheco","to_ping":"","pinged":"","post_modified":"2022-10-14 17:36:52","post_modified_gmt":"2022-10-14 15:36:52","post_content_filtered":"","post_parent":0,"guid":"http:\/\/dev.claret.cat\/autor\/manuel-hernandez-pacheco\/","menu_order":0,"post_type":"autor","post_mime_type":"","comment_count":"0","filter":"raw"}],"booktrailer":"","resenas":""},"aioseo_notices":[],"_links":{"self":[{"href":"https:\/\/www.claret.cat\/es\/wp-json\/wp\/v2\/product\/9998","targetHints":{"allow":["GET"]}}],"collection":[{"href":"https:\/\/www.claret.cat\/es\/wp-json\/wp\/v2\/product"}],"about":[{"href":"https:\/\/www.claret.cat\/es\/wp-json\/wp\/v2\/types\/product"}],"wp:featuredmedia":[{"embeddable":true,"href":"https:\/\/www.claret.cat\/es\/wp-json\/wp\/v2\/media\/347161"}],"wp:attachment":[{"href":"https:\/\/www.claret.cat\/es\/wp-json\/wp\/v2\/media?parent=9998"}],"wp:term":[{"taxonomy":"product_brand","embeddable":true,"href":"https:\/\/www.claret.cat\/es\/wp-json\/wp\/v2\/product_brand?post=9998"},{"taxonomy":"product_cat","embeddable":true,"href":"https:\/\/www.claret.cat\/es\/wp-json\/wp\/v2\/product_cat?post=9998"},{"taxonomy":"product_tag","embeddable":true,"href":"https:\/\/www.claret.cat\/es\/wp-json\/wp\/v2\/product_tag?post=9998"}],"curies":[{"name":"wp","href":"https:\/\/api.w.org\/{rel}","templated":true}]}}